{"id":6662,"date":"2021-11-02T11:00:39","date_gmt":"2021-11-02T10:00:39","guid":{"rendered":"https:\/\/futura-brescia.it\/edizioni-passate\/?page_id=6662"},"modified":"2021-11-02T11:02:27","modified_gmt":"2021-11-02T10:02:27","slug":"maurizio-tira","status":"publish","type":"page","link":"https:\/\/www.futura-brescia.it\/edizioni-passate\/maurizio-tira\/","title":{"rendered":"Maurizio Tira"},"content":{"rendered":"\t\t<div data-elementor-type=\"wp-page\" data-elementor-id=\"6662\" class=\"elementor elementor-6662\">\n\t\t\t\t\t\t\t\t\t<section class=\"elementor-section elementor-top-section elementor-element elementor-element-b261a74 elementor-section-content-middle elementor-section-boxed elementor-section-height-default elementor-section-height-default\" data-id=\"b261a74\" data-element_type=\"section\">\n\t\t\t\t\t\t<div class=\"elementor-container elementor-column-gap-default\">\n\t\t\t\t\t<div class=\"elementor-column elementor-col-50 elementor-top-column elementor-element elementor-element-9839e05\" data-id=\"9839e05\" data-element_type=\"column\">\n\t\t\t<div class=\"elementor-widget-wrap elementor-element-populated\">\n\t\t\t\t\t\t\t\t<div class=\"elementor-element elementor-element-1e4c5e6 elementor-widget elementor-widget-text-editor\" data-id=\"1e4c5e6\" data-element_type=\"widget\" data-settings=\"{&quot;ekit_we_effect_on&quot;:&quot;none&quot;}\" data-widget_type=\"text-editor.default\">\n\t\t\t\t<div class=\"elementor-widget-container\">\n\t\t\t\t\t\t\t<h3 style=\"text-align: left;\"><span style=\"color: #db0c1c; font-size: 1.95rem;\">\u2028Maurizio Tira<\/span><\/h3><p style=\"text-align: left; color: #7a7a7a;\"><span style=\"font-size: 1.3rem;\">Rettore dell\u2019Universit\u00e0 di Brescia<\/span><\/p>\t\t\t\t\t\t<\/div>\n\t\t\t\t<\/div>\n\t\t\t\t\t<\/div>\n\t\t<\/div>\n\t\t\t\t<div class=\"elementor-column elementor-col-50 elementor-top-column elementor-element elementor-element-28df3d1\" data-id=\"28df3d1\" data-element_type=\"column\">\n\t\t\t<div class=\"elementor-widget-wrap elementor-element-populated\">\n\t\t\t\t\t\t\t\t<div class=\"elementor-element elementor-element-85c2387 elementor-widget elementor-widget-image\" data-id=\"85c2387\" data-element_type=\"widget\" data-settings=\"{&quot;ekit_we_effect_on&quot;:&quot;none&quot;}\" data-widget_type=\"image.default\">\n\t\t\t\t<div class=\"elementor-widget-container\">\n\t\t\t\t\t\t\t\t\t\t\t\t\t\t\t<img decoding=\"async\" width=\"300\" height=\"168\" src=\"https:\/\/www.futura-brescia.it\/edizioni-passate\/wp-content\/uploads\/2021\/10\/acquilone-2-300x168.png\" class=\"attachment-medium size-medium wp-image-6163\" alt=\"\" srcset=\"https:\/\/www.futura-brescia.it\/edizioni-passate\/wp-content\/uploads\/2021\/10\/acquilone-2-300x168.png 300w, https:\/\/www.futura-brescia.it\/edizioni-passate\/wp-content\/uploads\/2021\/10\/acquilone-2.png 393w\" sizes=\"(max-width: 300px) 100vw, 300px\" \/>\t\t\t\t\t\t\t\t\t\t\t\t\t\t\t<\/div>\n\t\t\t\t<\/div>\n\t\t\t\t\t<\/div>\n\t\t<\/div>\n\t\t\t\t\t\t\t<\/div>\n\t\t<\/section>\n\t\t\t\t<section class=\"elementor-section elementor-top-section elementor-element elementor-element-1cdabd3 elementor-section-boxed elementor-section-height-default elementor-section-height-default\" data-id=\"1cdabd3\" data-element_type=\"section\">\n\t\t\t\t\t\t<div class=\"elementor-container elementor-column-gap-default\">\n\t\t\t\t\t<div class=\"elementor-column elementor-col-100 elementor-top-column elementor-element elementor-element-754690d\" data-id=\"754690d\" data-element_type=\"column\">\n\t\t\t<div class=\"elementor-widget-wrap elementor-element-populated\">\n\t\t\t\t\t\t\t\t<div class=\"elementor-element elementor-element-58c3310 elementor-widget-divider--view-line elementor-widget elementor-widget-divider\" data-id=\"58c3310\" data-element_type=\"widget\" data-settings=\"{&quot;ekit_we_effect_on&quot;:&quot;none&quot;}\" data-widget_type=\"divider.default\">\n\t\t\t\t<div class=\"elementor-widget-container\">\n\t\t\t\t\t<div class=\"elementor-divider\">\n\t\t\t<span class=\"elementor-divider-separator\">\n\t\t\t\t\t\t<\/span>\n\t\t<\/div>\n\t\t\t\t<\/div>\n\t\t\t\t<\/div>\n\t\t\t\t\t<\/div>\n\t\t<\/div>\n\t\t\t\t\t\t\t<\/div>\n\t\t<\/section>\n\t\t\t\t<section class=\"elementor-section elementor-top-section elementor-element elementor-element-9a2a6f7 elementor-section-boxed elementor-section-height-default elementor-section-height-default\" data-id=\"9a2a6f7\" data-element_type=\"section\">\n\t\t\t\t\t\t<div class=\"elementor-container elementor-column-gap-default\">\n\t\t\t\t\t<div class=\"elementor-column elementor-col-33 elementor-top-column elementor-element elementor-element-d813580\" data-id=\"d813580\" data-element_type=\"column\">\n\t\t\t<div class=\"elementor-widget-wrap elementor-element-populated\">\n\t\t\t\t\t\t\t\t<div class=\"elementor-element elementor-element-8168664 elementor-widget elementor-widget-image\" data-id=\"8168664\" data-element_type=\"widget\" data-settings=\"{&quot;ekit_we_effect_on&quot;:&quot;none&quot;}\" data-widget_type=\"image.default\">\n\t\t\t\t<div class=\"elementor-widget-container\">\n\t\t\t\t\t\t\t\t\t\t\t\t\t\t\t<img decoding=\"async\" width=\"250\" height=\"320\" src=\"https:\/\/www.futura-brescia.it\/edizioni-passate\/wp-content\/uploads\/2021\/11\/maurizio-tira-.jpg\" class=\"attachment-large size-large wp-image-6663\" alt=\"\" srcset=\"https:\/\/www.futura-brescia.it\/edizioni-passate\/wp-content\/uploads\/2021\/11\/maurizio-tira-.jpg 250w, https:\/\/www.futura-brescia.it\/edizioni-passate\/wp-content\/uploads\/2021\/11\/maurizio-tira--234x300.jpg 234w\" sizes=\"(max-width: 250px) 100vw, 250px\" \/>\t\t\t\t\t\t\t\t\t\t\t\t\t\t\t<\/div>\n\t\t\t\t<\/div>\n\t\t\t\t\t<\/div>\n\t\t<\/div>\n\t\t\t\t<div class=\"elementor-column elementor-col-66 elementor-top-column elementor-element elementor-element-a1ee9d3\" data-id=\"a1ee9d3\" data-element_type=\"column\">\n\t\t\t<div class=\"elementor-widget-wrap elementor-element-populated\">\n\t\t\t\t\t\t\t\t<div class=\"elementor-element elementor-element-0a30fbb elementor-widget elementor-widget-text-editor\" data-id=\"0a30fbb\" data-element_type=\"widget\" data-settings=\"{&quot;ekit_we_effect_on&quot;:&quot;none&quot;}\" data-widget_type=\"text-editor.default\">\n\t\t\t\t<div class=\"elementor-widget-container\">\n\t\t\t\t\t\t\t<p style=\"text-align: justify;\">Maurizio Tira, Ingegnere ambientale, \u00e8 Ordinario di Tecnica e pianificazione urbanistica. \u00c8 Presidente della Societ\u00e0 Italiana degli Urbanisti. Ha coordinato numerosi progetti e gruppi di lavoro a livello europeo, sui temi della pianificazione urbana e territoriale, con particolare interesse alla pianificazione in aree a rischio e alla mobilit\u00e0 in ambito urbano. Membro dell\u2019Accademia delle Scienze dell\u2019Istituto di Bologna, \u00e8 Commendatore dell\u2019Ordine al merito della Repubblica italiana. Dal primo novembre 2016 \u00e8 Rettore dell\u2019Universit\u00e0 degli Studi di Brescia.<\/p>\t\t\t\t\t\t<\/div>\n\t\t\t\t<\/div>\n\t\t\t\t\t<\/div>\n\t\t<\/div>\n\t\t\t\t\t\t\t<\/div>\n\t\t<\/section>\n\t\t\t\t\t\t\t<\/div>\n\t\t","protected":false},"excerpt":{"rendered":"<p>\u2028Maurizio Tira Rettore dell\u2019Universit\u00e0 di Brescia Maurizio Tira, Ingegnere ambientale, \u00e8 Ordinario di Tecnica e pianificazione urbanistica. \u00c8 Presidente della Societ\u00e0 Italiana degli Urbanisti. Ha coordinato numerosi progetti e gruppi di lavoro a livello europeo, sui temi della pianificazione urbana e territoriale, con particolare interesse alla pianificazione in aree a rischio e alla mobilit\u00e0 in [&hellip;]<\/p>\n","protected":false},"author":2,"featured_media":0,"parent":0,"menu_order":0,"comment_status":"closed","ping_status":"closed","template":"elementor_header_footer","meta":{"footnotes":""},"acf":[],"yoast_head":"<!-- This site is optimized with the Yoast SEO plugin v21.4 - https:\/\/yoast.com\/wordpress\/plugins\/seo\/ -->\n<title>Maurizio Tira - FUTURA<\/title>\n<meta name=\"robots\" content=\"index, follow, max-snippet:-1, max-image-preview:large, max-video-preview:-1\" \/>\n<link rel=\"canonical\" href=\"https:\/\/www.futura-brescia.it\/edizioni-passate\/maurizio-tira\/\" \/>\n<meta property=\"og:locale\" content=\"it_IT\" \/>\n<meta property=\"og:type\" content=\"article\" \/>\n<meta property=\"og:title\" content=\"Maurizio Tira - FUTURA\" \/>\n<meta property=\"og:description\" content=\"\u2028Maurizio Tira Rettore dell\u2019Universit\u00e0 di Brescia Maurizio Tira, Ingegnere ambientale, \u00e8 Ordinario di Tecnica e pianificazione urbanistica. \u00c8 Presidente della Societ\u00e0 Italiana degli Urbanisti. Ha coordinato numerosi progetti e gruppi di lavoro a livello europeo, sui temi della pianificazione urbana e territoriale, con particolare interesse alla pianificazione in aree a rischio e alla mobilit\u00e0 in [&hellip;]\" \/>\n<meta property=\"og:url\" content=\"https:\/\/www.futura-brescia.it\/edizioni-passate\/maurizio-tira\/\" \/>\n<meta property=\"og:site_name\" content=\"FUTURA\" \/>\n<meta property=\"article:publisher\" content=\"https:\/\/www.facebook.com\/futura.economiaperlambiente\/\" \/>\n<meta property=\"article:modified_time\" content=\"2021-11-02T10:02:27+00:00\" \/>\n<meta property=\"og:image\" content=\"https:\/\/futura-brescia.it\/edizioni-passate\/wp-content\/uploads\/2021\/10\/acquilone-2-300x168.png\" \/>\n<meta name=\"twitter:card\" content=\"summary_large_image\" \/>\n<script type=\"application\/ld+json\" class=\"yoast-schema-graph\">{\"@context\":\"https:\/\/schema.org\",\"@graph\":[{\"@type\":\"WebPage\",\"@id\":\"https:\/\/www.futura-brescia.it\/edizioni-passate\/maurizio-tira\/\",\"url\":\"https:\/\/www.futura-brescia.it\/edizioni-passate\/maurizio-tira\/\",\"name\":\"Maurizio Tira - FUTURA\",\"isPartOf\":{\"@id\":\"https:\/\/www.futura-brescia.it\/edizioni-passate\/#website\"},\"datePublished\":\"2021-11-02T10:00:39+00:00\",\"dateModified\":\"2021-11-02T10:02:27+00:00\",\"breadcrumb\":{\"@id\":\"https:\/\/www.futura-brescia.it\/edizioni-passate\/maurizio-tira\/#breadcrumb\"},\"inLanguage\":\"it-IT\",\"potentialAction\":[{\"@type\":\"ReadAction\",\"target\":[\"https:\/\/www.futura-brescia.it\/edizioni-passate\/maurizio-tira\/\"]}]},{\"@type\":\"BreadcrumbList\",\"@id\":\"https:\/\/www.futura-brescia.it\/edizioni-passate\/maurizio-tira\/#breadcrumb\",\"itemListElement\":[{\"@type\":\"ListItem\",\"position\":1,\"name\":\"Home\",\"item\":\"https:\/\/www.futura-brescia.it\/edizioni-passate\/\"},{\"@type\":\"ListItem\",\"position\":2,\"name\":\"Maurizio Tira\"}]},{\"@type\":\"WebSite\",\"@id\":\"https:\/\/www.futura-brescia.it\/edizioni-passate\/#website\",\"url\":\"https:\/\/www.futura-brescia.it\/edizioni-passate\/\",\"name\":\"FUTURA\",\"description\":\"ECONOMIA X L&#039;AMBIENTE\",\"publisher\":{\"@id\":\"https:\/\/www.futura-brescia.it\/edizioni-passate\/#organization\"},\"potentialAction\":[{\"@type\":\"SearchAction\",\"target\":{\"@type\":\"EntryPoint\",\"urlTemplate\":\"https:\/\/www.futura-brescia.it\/edizioni-passate\/?s={search_term_string}\"},\"query-input\":\"required name=search_term_string\"}],\"inLanguage\":\"it-IT\"},{\"@type\":\"Organization\",\"@id\":\"https:\/\/www.futura-brescia.it\/edizioni-passate\/#organization\",\"name\":\"Futura - Economia x l'Ambiente\",\"url\":\"https:\/\/www.futura-brescia.it\/edizioni-passate\/\",\"logo\":{\"@type\":\"ImageObject\",\"inLanguage\":\"it-IT\",\"@id\":\"https:\/\/www.futura-brescia.it\/edizioni-passate\/#\/schema\/logo\/image\/\",\"url\":\"https:\/\/www.futura-brescia.it\/edizioni-passate\/wp-content\/uploads\/2020\/10\/seo.jpg\",\"contentUrl\":\"https:\/\/www.futura-brescia.it\/edizioni-passate\/wp-content\/uploads\/2020\/10\/seo.jpg\",\"width\":500,\"height\":500,\"caption\":\"Futura - Economia x l'Ambiente\"},\"image\":{\"@id\":\"https:\/\/www.futura-brescia.it\/edizioni-passate\/#\/schema\/logo\/image\/\"},\"sameAs\":[\"https:\/\/www.facebook.com\/futura.economiaperlambiente\/\",\"https:\/\/www.instagram.com\/futura_brescia\/\",\"https:\/\/www.youtube.com\/channel\/UCwgCB5zbBy9eyEshgo7oLqg\"]}]}<\/script>\n<!-- \/ Yoast SEO plugin. -->","yoast_head_json":{"title":"Maurizio Tira - FUTURA","robots":{"index":"index","follow":"follow","max-snippet":"max-snippet:-1","max-image-preview":"max-image-preview:large","max-video-preview":"max-video-preview:-1"},"canonical":"https:\/\/www.futura-brescia.it\/edizioni-passate\/maurizio-tira\/","og_locale":"it_IT","og_type":"article","og_title":"Maurizio Tira - FUTURA","og_description":"\u2028Maurizio Tira Rettore dell\u2019Universit\u00e0 di Brescia Maurizio Tira, Ingegnere ambientale, \u00e8 Ordinario di Tecnica e pianificazione urbanistica. \u00c8 Presidente della Societ\u00e0 Italiana degli Urbanisti. Ha coordinato numerosi progetti e gruppi di lavoro a livello europeo, sui temi della pianificazione urbana e territoriale, con particolare interesse alla pianificazione in aree a rischio e alla mobilit\u00e0 in [&hellip;]","og_url":"https:\/\/www.futura-brescia.it\/edizioni-passate\/maurizio-tira\/","og_site_name":"FUTURA","article_publisher":"https:\/\/www.facebook.com\/futura.economiaperlambiente\/","article_modified_time":"2021-11-02T10:02:27+00:00","og_image":[{"url":"https:\/\/futura-brescia.it\/edizioni-passate\/wp-content\/uploads\/2021\/10\/acquilone-2-300x168.png"}],"twitter_card":"summary_large_image","schema":{"@context":"https:\/\/schema.org","@graph":[{"@type":"WebPage","@id":"https:\/\/www.futura-brescia.it\/edizioni-passate\/maurizio-tira\/","url":"https:\/\/www.futura-brescia.it\/edizioni-passate\/maurizio-tira\/","name":"Maurizio Tira - FUTURA","isPartOf":{"@id":"https:\/\/www.futura-brescia.it\/edizioni-passate\/#website"},"datePublished":"2021-11-02T10:00:39+00:00","dateModified":"2021-11-02T10:02:27+00:00","breadcrumb":{"@id":"https:\/\/www.futura-brescia.it\/edizioni-passate\/maurizio-tira\/#breadcrumb"},"inLanguage":"it-IT","potentialAction":[{"@type":"ReadAction","target":["https:\/\/www.futura-brescia.it\/edizioni-passate\/maurizio-tira\/"]}]},{"@type":"BreadcrumbList","@id":"https:\/\/www.futura-brescia.it\/edizioni-passate\/maurizio-tira\/#breadcrumb","itemListElement":[{"@type":"ListItem","position":1,"name":"Home","item":"https:\/\/www.futura-brescia.it\/edizioni-passate\/"},{"@type":"ListItem","position":2,"name":"Maurizio Tira"}]},{"@type":"WebSite","@id":"https:\/\/www.futura-brescia.it\/edizioni-passate\/#website","url":"https:\/\/www.futura-brescia.it\/edizioni-passate\/","name":"FUTURA","description":"ECONOMIA X L&#039;AMBIENTE","publisher":{"@id":"https:\/\/www.futura-brescia.it\/edizioni-passate\/#organization"},"potentialAction":[{"@type":"SearchAction","target":{"@type":"EntryPoint","urlTemplate":"https:\/\/www.futura-brescia.it\/edizioni-passate\/?s={search_term_string}"},"query-input":"required name=search_term_string"}],"inLanguage":"it-IT"},{"@type":"Organization","@id":"https:\/\/www.futura-brescia.it\/edizioni-passate\/#organization","name":"Futura - Economia x l'Ambiente","url":"https:\/\/www.futura-brescia.it\/edizioni-passate\/","logo":{"@type":"ImageObject","inLanguage":"it-IT","@id":"https:\/\/www.futura-brescia.it\/edizioni-passate\/#\/schema\/logo\/image\/","url":"https:\/\/www.futura-brescia.it\/edizioni-passate\/wp-content\/uploads\/2020\/10\/seo.jpg","contentUrl":"https:\/\/www.futura-brescia.it\/edizioni-passate\/wp-content\/uploads\/2020\/10\/seo.jpg","width":500,"height":500,"caption":"Futura - Economia x l'Ambiente"},"image":{"@id":"https:\/\/www.futura-brescia.it\/edizioni-passate\/#\/schema\/logo\/image\/"},"sameAs":["https:\/\/www.facebook.com\/futura.economiaperlambiente\/","https:\/\/www.instagram.com\/futura_brescia\/","https:\/\/www.youtube.com\/channel\/UCwgCB5zbBy9eyEshgo7oLqg"]}]}},"blog_post_layout_featured_media_urls":{"thumbnail":"","full":""},"categories_names":null,"comments_number":"0","_links":{"self":[{"href":"https:\/\/www.futura-brescia.it\/edizioni-passate\/wp-json\/wp\/v2\/pages\/6662"}],"collection":[{"href":"https:\/\/www.futura-brescia.it\/edizioni-passate\/wp-json\/wp\/v2\/pages"}],"about":[{"href":"https:\/\/www.futura-brescia.it\/edizioni-passate\/wp-json\/wp\/v2\/types\/page"}],"author":[{"embeddable":true,"href":"https:\/\/www.futura-brescia.it\/edizioni-passate\/wp-json\/wp\/v2\/users\/2"}],"replies":[{"embeddable":true,"href":"https:\/\/www.futura-brescia.it\/edizioni-passate\/wp-json\/wp\/v2\/comments?post=6662"}],"version-history":[{"count":5,"href":"https:\/\/www.futura-brescia.it\/edizioni-passate\/wp-json\/wp\/v2\/pages\/6662\/revisions"}],"predecessor-version":[{"id":6668,"href":"https:\/\/www.futura-brescia.it\/edizioni-passate\/wp-json\/wp\/v2\/pages\/6662\/revisions\/6668"}],"wp:attachment":[{"href":"https:\/\/www.futura-brescia.it\/edizioni-passate\/wp-json\/wp\/v2\/media?parent=6662"}],"curies":[{"name":"wp","href":"https:\/\/api.w.org\/{rel}","templated":true}]}}