{"id":6792,"date":"2021-11-02T17:27:33","date_gmt":"2021-11-02T16:27:33","guid":{"rendered":"https:\/\/futura-brescia.it\/edizioni-passate\/?page_id=6792"},"modified":"2021-11-02T17:30:11","modified_gmt":"2021-11-02T16:30:11","slug":"paolo-verri","status":"publish","type":"page","link":"https:\/\/www.futura-brescia.it\/edizioni-passate\/paolo-verri\/","title":{"rendered":"Paolo Verri"},"content":{"rendered":"\t\t<div data-elementor-type=\"wp-page\" data-elementor-id=\"6792\" class=\"elementor elementor-6792\">\n\t\t\t\t\t\t\t\t\t<section class=\"elementor-section elementor-top-section elementor-element elementor-element-b261a74 elementor-section-content-middle elementor-section-boxed elementor-section-height-default elementor-section-height-default\" data-id=\"b261a74\" data-element_type=\"section\">\n\t\t\t\t\t\t<div class=\"elementor-container elementor-column-gap-default\">\n\t\t\t\t\t<div class=\"elementor-column elementor-col-50 elementor-top-column elementor-element elementor-element-9839e05\" data-id=\"9839e05\" data-element_type=\"column\">\n\t\t\t<div class=\"elementor-widget-wrap elementor-element-populated\">\n\t\t\t\t\t\t\t\t<div class=\"elementor-element elementor-element-1e4c5e6 elementor-widget elementor-widget-text-editor\" data-id=\"1e4c5e6\" data-element_type=\"widget\" data-settings=\"{&quot;ekit_we_effect_on&quot;:&quot;none&quot;}\" data-widget_type=\"text-editor.default\">\n\t\t\t\t<div class=\"elementor-widget-container\">\n\t\t\t\t\t\t\t<h3 style=\"text-align: left;\"><span style=\"color: #db0c1c; font-size: 1.95rem;\">\u2028Paolo Verri<\/span><\/h3><p style=\"text-align: left; color: #7a7a7a;\"><span style=\"font-size: 1.3rem;\">Curatore Matera Capitale della Cultura<\/span><\/p>\t\t\t\t\t\t<\/div>\n\t\t\t\t<\/div>\n\t\t\t\t\t<\/div>\n\t\t<\/div>\n\t\t\t\t<div class=\"elementor-column elementor-col-50 elementor-top-column elementor-element elementor-element-28df3d1\" data-id=\"28df3d1\" data-element_type=\"column\">\n\t\t\t<div class=\"elementor-widget-wrap elementor-element-populated\">\n\t\t\t\t\t\t\t\t<div class=\"elementor-element elementor-element-85c2387 elementor-widget elementor-widget-image\" data-id=\"85c2387\" data-element_type=\"widget\" data-settings=\"{&quot;ekit_we_effect_on&quot;:&quot;none&quot;}\" data-widget_type=\"image.default\">\n\t\t\t\t<div class=\"elementor-widget-container\">\n\t\t\t\t\t\t\t\t\t\t\t\t\t\t\t<img decoding=\"async\" width=\"300\" height=\"168\" src=\"https:\/\/www.futura-brescia.it\/edizioni-passate\/wp-content\/uploads\/2021\/10\/acquilone-2-300x168.png\" class=\"attachment-medium size-medium wp-image-6163\" alt=\"\" srcset=\"https:\/\/www.futura-brescia.it\/edizioni-passate\/wp-content\/uploads\/2021\/10\/acquilone-2-300x168.png 300w, https:\/\/www.futura-brescia.it\/edizioni-passate\/wp-content\/uploads\/2021\/10\/acquilone-2.png 393w\" sizes=\"(max-width: 300px) 100vw, 300px\" \/>\t\t\t\t\t\t\t\t\t\t\t\t\t\t\t<\/div>\n\t\t\t\t<\/div>\n\t\t\t\t\t<\/div>\n\t\t<\/div>\n\t\t\t\t\t\t\t<\/div>\n\t\t<\/section>\n\t\t\t\t<section class=\"elementor-section elementor-top-section elementor-element elementor-element-1cdabd3 elementor-section-boxed elementor-section-height-default elementor-section-height-default\" data-id=\"1cdabd3\" data-element_type=\"section\">\n\t\t\t\t\t\t<div class=\"elementor-container elementor-column-gap-default\">\n\t\t\t\t\t<div class=\"elementor-column elementor-col-100 elementor-top-column elementor-element elementor-element-754690d\" data-id=\"754690d\" data-element_type=\"column\">\n\t\t\t<div class=\"elementor-widget-wrap elementor-element-populated\">\n\t\t\t\t\t\t\t\t<div class=\"elementor-element elementor-element-58c3310 elementor-widget-divider--view-line elementor-widget elementor-widget-divider\" data-id=\"58c3310\" data-element_type=\"widget\" data-settings=\"{&quot;ekit_we_effect_on&quot;:&quot;none&quot;}\" data-widget_type=\"divider.default\">\n\t\t\t\t<div class=\"elementor-widget-container\">\n\t\t\t\t\t<div class=\"elementor-divider\">\n\t\t\t<span class=\"elementor-divider-separator\">\n\t\t\t\t\t\t<\/span>\n\t\t<\/div>\n\t\t\t\t<\/div>\n\t\t\t\t<\/div>\n\t\t\t\t\t<\/div>\n\t\t<\/div>\n\t\t\t\t\t\t\t<\/div>\n\t\t<\/section>\n\t\t\t\t<section class=\"elementor-section elementor-top-section elementor-element elementor-element-9a2a6f7 elementor-section-boxed elementor-section-height-default elementor-section-height-default\" data-id=\"9a2a6f7\" data-element_type=\"section\">\n\t\t\t\t\t\t<div class=\"elementor-container elementor-column-gap-default\">\n\t\t\t\t\t<div class=\"elementor-column elementor-col-33 elementor-top-column elementor-element elementor-element-d813580\" data-id=\"d813580\" data-element_type=\"column\">\n\t\t\t<div class=\"elementor-widget-wrap elementor-element-populated\">\n\t\t\t\t\t\t\t\t<div class=\"elementor-element elementor-element-8168664 elementor-widget elementor-widget-image\" data-id=\"8168664\" data-element_type=\"widget\" data-settings=\"{&quot;ekit_we_effect_on&quot;:&quot;none&quot;}\" data-widget_type=\"image.default\">\n\t\t\t\t<div class=\"elementor-widget-container\">\n\t\t\t\t\t\t\t\t\t\t\t\t\t\t\t<img decoding=\"async\" width=\"250\" height=\"320\" src=\"https:\/\/www.futura-brescia.it\/edizioni-passate\/wp-content\/uploads\/2021\/11\/paolo-verri.jpg\" class=\"attachment-large size-large wp-image-6793\" alt=\"\" srcset=\"https:\/\/www.futura-brescia.it\/edizioni-passate\/wp-content\/uploads\/2021\/11\/paolo-verri.jpg 250w, https:\/\/www.futura-brescia.it\/edizioni-passate\/wp-content\/uploads\/2021\/11\/paolo-verri-234x300.jpg 234w\" sizes=\"(max-width: 250px) 100vw, 250px\" \/>\t\t\t\t\t\t\t\t\t\t\t\t\t\t\t<\/div>\n\t\t\t\t<\/div>\n\t\t\t\t\t<\/div>\n\t\t<\/div>\n\t\t\t\t<div class=\"elementor-column elementor-col-66 elementor-top-column elementor-element elementor-element-a1ee9d3\" data-id=\"a1ee9d3\" data-element_type=\"column\">\n\t\t\t<div class=\"elementor-widget-wrap elementor-element-populated\">\n\t\t\t\t\t\t\t\t<div class=\"elementor-element elementor-element-0a30fbb elementor-widget elementor-widget-text-editor\" data-id=\"0a30fbb\" data-element_type=\"widget\" data-settings=\"{&quot;ekit_we_effect_on&quot;:&quot;none&quot;}\" data-widget_type=\"text-editor.default\">\n\t\t\t\t<div class=\"elementor-widget-container\">\n\t\t\t\t\t\t\t<p>Nato a Torino nel 1966, Paolo Verri si laurea nel 1990 all\u2019Universit\u00e0 Cattolica di Milano con una tesi in Teoria e tecnica delle Comunicazione Sociali con il professor Gianfranco Bettetini. Nello stesso 1990 insegna semiotica dei media presso l\u2019Istituto Superiore di Comunicazione di Milano, cattedra che mantiene fin al 1993.<\/p><p>Dal 1993 al 1997 dirige il Salone del Libro di Torino, lanciando anche i progetti Umbria Libri e Parole &amp; Note e fondando il primo Salone della Musica. Nel 1998 viene chiamato ad occuparsi di promozione del libro dall\u2019Associazione Italiana Editori di cui \u00e8 direttore della comunicazione per due anni, nel corso dei quali progetta e lancia la famosa trasmissione televisiva \u201cPer un pugno di libri\u201d ideata insieme a Paolo Taggi.<\/p><p>Dal 1999 si occupa di citt\u00e0 e sviluppo urbano: come direttore del piano strategico della citt\u00e0 di Torino dal 2000 al 2006, costruisce il progetto di partecipazione di oltre 2000 rappresentanti di circa 300 soggetti urbani con i quali si d\u00e0 vita all\u2019Associazione per la promozione della citt\u00e0 di Torino e della sua area metropolitana, denominata Torino Internazionale. Grazie al metodo della selezione partecipata delle priorit\u00e0, l\u2019Associazione costruisce il primo piano di sviluppo partecipato di una citt\u00e0 italiana, sul modello di Barcellona, Glasgow e Lione.<\/p><p>Dal 2004 alla carica di direttore di Torino Internazionale somma la direzione della Fondazione Atrium che al il compito specifico di costruire la partecipazione dei cittadini alla costruzione degli eventi connessi alla XX Olimpiadi invernali che si svolgono a Torino nel 2006.<\/p><p>Nel 2005 \u00e8 stato parte del gruppo di lavoro dedicato alla riconversione e ripresa della citt\u00e0 mono-industriali di The German Marshall Fund lavorando con le citt\u00e0 di Pittsburgh, Cleveland e Washington.<\/p><p>Come manager di processi partecipativi utili allo sviluppo urbano, tra il 2008 e il 2010 \u00e8 stato consulente del piano strategico di Rimini, del piano strategico di Alghero e di quello di Olbia.<\/p><p>Dal 2007 al 2011 \u00e8 stato direttore di Italia 150, il Comitato per il 150\u00b0 dell\u2019Unit\u00e0 d\u2019Italia, sviluppando un programma incentrato soprattutto sul futuro del Paese.<\/p><p>Tra il 2008 e il 2010 ha collaboratore con l\u2019OCSE per la redazione di una serie di analisi dedicate alla citt\u00e0 e ai grandi eventi.<\/p><p>Dal 2011 lavora a Matera dove ha ideato e diretto la candidatura vincente della citt\u00e0 a capitale europea della cultura per il 2019. Il titolo, secondo la Commissione Europea, \u00e8 stato ottenuto per la visionariet\u00e0 del progetto, per la straordinaria partecipazione dei cittadini al medesimo e alla grande capacit\u00e0 manageriale del gruppo di lavoro preposto alla candidatura.<\/p><p>Nel 2014 collabora con la World Bank per la preparazione dei Giochi Olimpici di Rio 2016. Nel 2017 \u00e8 stato docente alla Skolkovo University di Mosca, collaborando con il Governo per la riconversione delle citt\u00e0 monoculturali, cio\u00e8 il cui sviluppo \u00e8 legato a un unico tipo di industria; nello stesso anno.<\/p><p>\u00c8 stato direttore della Fondazione Matera Basilicata 2019. Una delle immagini che Verri ama ricordare del grande evento, \u00e8 il momento dell\u2019incontro, sul palco della cerimonia di chiusura, con il Presidente del Parlamento Europeo David Sassoli, introdotto da Verri con un discorso legato<\/p>\t\t\t\t\t\t<\/div>\n\t\t\t\t<\/div>\n\t\t\t\t\t<\/div>\n\t\t<\/div>\n\t\t\t\t\t\t\t<\/div>\n\t\t<\/section>\n\t\t\t\t\t\t\t<\/div>\n\t\t","protected":false},"excerpt":{"rendered":"<p>\u2028Paolo Verri Curatore Matera Capitale della Cultura Nato a Torino nel 1966, Paolo Verri si laurea nel 1990 all\u2019Universit\u00e0 Cattolica di Milano con una tesi in Teoria e tecnica delle Comunicazione Sociali con il professor Gianfranco Bettetini. Nello stesso 1990 insegna semiotica dei media presso l\u2019Istituto Superiore di Comunicazione di Milano, cattedra che mantiene fin [&hellip;]<\/p>\n","protected":false},"author":2,"featured_media":0,"parent":0,"menu_order":0,"comment_status":"closed","ping_status":"closed","template":"elementor_header_footer","meta":{"footnotes":""},"acf":[],"yoast_head":"<!-- This site is optimized with the Yoast SEO plugin v21.4 - https:\/\/yoast.com\/wordpress\/plugins\/seo\/ -->\n<title>Paolo Verri - FUTURA<\/title>\n<meta name=\"robots\" content=\"index, follow, max-snippet:-1, max-image-preview:large, max-video-preview:-1\" \/>\n<link rel=\"canonical\" href=\"https:\/\/www.futura-brescia.it\/edizioni-passate\/paolo-verri\/\" \/>\n<meta property=\"og:locale\" content=\"it_IT\" \/>\n<meta property=\"og:type\" content=\"article\" \/>\n<meta property=\"og:title\" content=\"Paolo Verri - FUTURA\" \/>\n<meta property=\"og:description\" content=\"\u2028Paolo Verri Curatore Matera Capitale della Cultura Nato a Torino nel 1966, Paolo Verri si laurea nel 1990 all\u2019Universit\u00e0 Cattolica di Milano con una tesi in Teoria e tecnica delle Comunicazione Sociali con il professor Gianfranco Bettetini. Nello stesso 1990 insegna semiotica dei media presso l\u2019Istituto Superiore di Comunicazione di Milano, cattedra che mantiene fin [&hellip;]\" \/>\n<meta property=\"og:url\" content=\"https:\/\/www.futura-brescia.it\/edizioni-passate\/paolo-verri\/\" \/>\n<meta property=\"og:site_name\" content=\"FUTURA\" \/>\n<meta property=\"article:publisher\" content=\"https:\/\/www.facebook.com\/futura.economiaperlambiente\/\" \/>\n<meta property=\"article:modified_time\" content=\"2021-11-02T16:30:11+00:00\" \/>\n<meta property=\"og:image\" content=\"https:\/\/futura-brescia.it\/edizioni-passate\/wp-content\/uploads\/2021\/10\/acquilone-2-300x168.png\" \/>\n<meta name=\"twitter:card\" content=\"summary_large_image\" \/>\n<meta name=\"twitter:label1\" content=\"Tempo di lettura stimato\" \/>\n\t<meta name=\"twitter:data1\" content=\"2 minuti\" \/>\n<script type=\"application\/ld+json\" class=\"yoast-schema-graph\">{\"@context\":\"https:\/\/schema.org\",\"@graph\":[{\"@type\":\"WebPage\",\"@id\":\"https:\/\/www.futura-brescia.it\/edizioni-passate\/paolo-verri\/\",\"url\":\"https:\/\/www.futura-brescia.it\/edizioni-passate\/paolo-verri\/\",\"name\":\"Paolo Verri - FUTURA\",\"isPartOf\":{\"@id\":\"https:\/\/www.futura-brescia.it\/edizioni-passate\/#website\"},\"datePublished\":\"2021-11-02T16:27:33+00:00\",\"dateModified\":\"2021-11-02T16:30:11+00:00\",\"breadcrumb\":{\"@id\":\"https:\/\/www.futura-brescia.it\/edizioni-passate\/paolo-verri\/#breadcrumb\"},\"inLanguage\":\"it-IT\",\"potentialAction\":[{\"@type\":\"ReadAction\",\"target\":[\"https:\/\/www.futura-brescia.it\/edizioni-passate\/paolo-verri\/\"]}]},{\"@type\":\"BreadcrumbList\",\"@id\":\"https:\/\/www.futura-brescia.it\/edizioni-passate\/paolo-verri\/#breadcrumb\",\"itemListElement\":[{\"@type\":\"ListItem\",\"position\":1,\"name\":\"Home\",\"item\":\"https:\/\/www.futura-brescia.it\/edizioni-passate\/\"},{\"@type\":\"ListItem\",\"position\":2,\"name\":\"Paolo Verri\"}]},{\"@type\":\"WebSite\",\"@id\":\"https:\/\/www.futura-brescia.it\/edizioni-passate\/#website\",\"url\":\"https:\/\/www.futura-brescia.it\/edizioni-passate\/\",\"name\":\"FUTURA\",\"description\":\"ECONOMIA X L&#039;AMBIENTE\",\"publisher\":{\"@id\":\"https:\/\/www.futura-brescia.it\/edizioni-passate\/#organization\"},\"potentialAction\":[{\"@type\":\"SearchAction\",\"target\":{\"@type\":\"EntryPoint\",\"urlTemplate\":\"https:\/\/www.futura-brescia.it\/edizioni-passate\/?s={search_term_string}\"},\"query-input\":\"required name=search_term_string\"}],\"inLanguage\":\"it-IT\"},{\"@type\":\"Organization\",\"@id\":\"https:\/\/www.futura-brescia.it\/edizioni-passate\/#organization\",\"name\":\"Futura - Economia x l'Ambiente\",\"url\":\"https:\/\/www.futura-brescia.it\/edizioni-passate\/\",\"logo\":{\"@type\":\"ImageObject\",\"inLanguage\":\"it-IT\",\"@id\":\"https:\/\/www.futura-brescia.it\/edizioni-passate\/#\/schema\/logo\/image\/\",\"url\":\"https:\/\/www.futura-brescia.it\/edizioni-passate\/wp-content\/uploads\/2020\/10\/seo.jpg\",\"contentUrl\":\"https:\/\/www.futura-brescia.it\/edizioni-passate\/wp-content\/uploads\/2020\/10\/seo.jpg\",\"width\":500,\"height\":500,\"caption\":\"Futura - Economia x l'Ambiente\"},\"image\":{\"@id\":\"https:\/\/www.futura-brescia.it\/edizioni-passate\/#\/schema\/logo\/image\/\"},\"sameAs\":[\"https:\/\/www.facebook.com\/futura.economiaperlambiente\/\",\"https:\/\/www.instagram.com\/futura_brescia\/\",\"https:\/\/www.youtube.com\/channel\/UCwgCB5zbBy9eyEshgo7oLqg\"]}]}<\/script>\n<!-- \/ Yoast SEO plugin. -->","yoast_head_json":{"title":"Paolo Verri - FUTURA","robots":{"index":"index","follow":"follow","max-snippet":"max-snippet:-1","max-image-preview":"max-image-preview:large","max-video-preview":"max-video-preview:-1"},"canonical":"https:\/\/www.futura-brescia.it\/edizioni-passate\/paolo-verri\/","og_locale":"it_IT","og_type":"article","og_title":"Paolo Verri - FUTURA","og_description":"\u2028Paolo Verri Curatore Matera Capitale della Cultura Nato a Torino nel 1966, Paolo Verri si laurea nel 1990 all\u2019Universit\u00e0 Cattolica di Milano con una tesi in Teoria e tecnica delle Comunicazione Sociali con il professor Gianfranco Bettetini. Nello stesso 1990 insegna semiotica dei media presso l\u2019Istituto Superiore di Comunicazione di Milano, cattedra che mantiene fin [&hellip;]","og_url":"https:\/\/www.futura-brescia.it\/edizioni-passate\/paolo-verri\/","og_site_name":"FUTURA","article_publisher":"https:\/\/www.facebook.com\/futura.economiaperlambiente\/","article_modified_time":"2021-11-02T16:30:11+00:00","og_image":[{"url":"https:\/\/futura-brescia.it\/edizioni-passate\/wp-content\/uploads\/2021\/10\/acquilone-2-300x168.png"}],"twitter_card":"summary_large_image","twitter_misc":{"Tempo di lettura stimato":"2 minuti"},"schema":{"@context":"https:\/\/schema.org","@graph":[{"@type":"WebPage","@id":"https:\/\/www.futura-brescia.it\/edizioni-passate\/paolo-verri\/","url":"https:\/\/www.futura-brescia.it\/edizioni-passate\/paolo-verri\/","name":"Paolo Verri - FUTURA","isPartOf":{"@id":"https:\/\/www.futura-brescia.it\/edizioni-passate\/#website"},"datePublished":"2021-11-02T16:27:33+00:00","dateModified":"2021-11-02T16:30:11+00:00","breadcrumb":{"@id":"https:\/\/www.futura-brescia.it\/edizioni-passate\/paolo-verri\/#breadcrumb"},"inLanguage":"it-IT","potentialAction":[{"@type":"ReadAction","target":["https:\/\/www.futura-brescia.it\/edizioni-passate\/paolo-verri\/"]}]},{"@type":"BreadcrumbList","@id":"https:\/\/www.futura-brescia.it\/edizioni-passate\/paolo-verri\/#breadcrumb","itemListElement":[{"@type":"ListItem","position":1,"name":"Home","item":"https:\/\/www.futura-brescia.it\/edizioni-passate\/"},{"@type":"ListItem","position":2,"name":"Paolo Verri"}]},{"@type":"WebSite","@id":"https:\/\/www.futura-brescia.it\/edizioni-passate\/#website","url":"https:\/\/www.futura-brescia.it\/edizioni-passate\/","name":"FUTURA","description":"ECONOMIA X L&#039;AMBIENTE","publisher":{"@id":"https:\/\/www.futura-brescia.it\/edizioni-passate\/#organization"},"potentialAction":[{"@type":"SearchAction","target":{"@type":"EntryPoint","urlTemplate":"https:\/\/www.futura-brescia.it\/edizioni-passate\/?s={search_term_string}"},"query-input":"required name=search_term_string"}],"inLanguage":"it-IT"},{"@type":"Organization","@id":"https:\/\/www.futura-brescia.it\/edizioni-passate\/#organization","name":"Futura - Economia x l'Ambiente","url":"https:\/\/www.futura-brescia.it\/edizioni-passate\/","logo":{"@type":"ImageObject","inLanguage":"it-IT","@id":"https:\/\/www.futura-brescia.it\/edizioni-passate\/#\/schema\/logo\/image\/","url":"https:\/\/www.futura-brescia.it\/edizioni-passate\/wp-content\/uploads\/2020\/10\/seo.jpg","contentUrl":"https:\/\/www.futura-brescia.it\/edizioni-passate\/wp-content\/uploads\/2020\/10\/seo.jpg","width":500,"height":500,"caption":"Futura - Economia x l'Ambiente"},"image":{"@id":"https:\/\/www.futura-brescia.it\/edizioni-passate\/#\/schema\/logo\/image\/"},"sameAs":["https:\/\/www.facebook.com\/futura.economiaperlambiente\/","https:\/\/www.instagram.com\/futura_brescia\/","https:\/\/www.youtube.com\/channel\/UCwgCB5zbBy9eyEshgo7oLqg"]}]}},"blog_post_layout_featured_media_urls":{"thumbnail":"","full":""},"categories_names":null,"comments_number":"0","_links":{"self":[{"href":"https:\/\/www.futura-brescia.it\/edizioni-passate\/wp-json\/wp\/v2\/pages\/6792"}],"collection":[{"href":"https:\/\/www.futura-brescia.it\/edizioni-passate\/wp-json\/wp\/v2\/pages"}],"about":[{"href":"https:\/\/www.futura-brescia.it\/edizioni-passate\/wp-json\/wp\/v2\/types\/page"}],"author":[{"embeddable":true,"href":"https:\/\/www.futura-brescia.it\/edizioni-passate\/wp-json\/wp\/v2\/users\/2"}],"replies":[{"embeddable":true,"href":"https:\/\/www.futura-brescia.it\/edizioni-passate\/wp-json\/wp\/v2\/comments?post=6792"}],"version-history":[{"count":4,"href":"https:\/\/www.futura-brescia.it\/edizioni-passate\/wp-json\/wp\/v2\/pages\/6792\/revisions"}],"predecessor-version":[{"id":6797,"href":"https:\/\/www.futura-brescia.it\/edizioni-passate\/wp-json\/wp\/v2\/pages\/6792\/revisions\/6797"}],"wp:attachment":[{"href":"https:\/\/www.futura-brescia.it\/edizioni-passate\/wp-json\/wp\/v2\/media?parent=6792"}],"curies":[{"name":"wp","href":"https:\/\/api.w.org\/{rel}","templated":true}]}}